{"id":734,"date":"2025-07-12T10:23:42","date_gmt":"2025-07-12T10:23:42","guid":{"rendered":"https:\/\/little-steps.org\/?page_id=734"},"modified":"2025-07-12T10:44:43","modified_gmt":"2025-07-12T10:44:43","slug":"ymca-kindergarten-phase-1","status":"publish","type":"page","link":"https:\/\/little-steps.org\/?page_id=734","title":{"rendered":"YMCA Kindergarten       Ausbaustufe I"},"content":{"rendered":"\n<h5 class=\"wp-block-heading\">Die Er\u00f6ffnung eines eigenen Kindergartens, in dem all diese Ziele k\u00fcnftig umgesetzt werden sollen, ist der ausgesprochene Wunsch des YMCA Ranchi. Auf dem Gel\u00e4nde des Hauptsitzes des YMCA im Herzen der Stadt Ranchi, steht ein entsprechendes Geb\u00e4ude mit gro\u00dffl\u00e4chigem Au\u00dfenbereich zur Verf\u00fcgung.<\/h5>\n\n\n\n<p><a href=\"https:\/\/little-steps.org\/wp-content\/uploads\/2025\/07\/Projektantrag-deutsche-Uebersetzung.pdf\"><strong>Weiterlesen<\/strong><\/a><\/p>\n\n\n\n<h2 class=\"wp-block-heading\"><strong>Projektbericht<\/strong><\/h2>\n\n\n\n<p><strong>Aus ALT mach NEU<\/strong><br><strong>Reparatur-, Sanierungs- und Umgestaltungsarbeiten<\/strong><br>Dem erkl\u00e4rten Oberziel des Projekts, einen reformp\u00e4dagogischen Kindergarten des YMCA Ranchi als Modellkindergarten f\u00fcr unsere st\u00e4dtische Vorschularbeit aufzubauen, konnten wir uns durch die Umsetzung der Projektphase 1 einen gro\u00dfen Schritt n\u00e4hern.<br>Die Sanierung und Umgestaltung des ausgew\u00e4hlten Geb\u00e4udes sowie die Arbeiten an der Au\u00dfenspielfl\u00e4che wurden erfolgreich umgesetzt nachdem zun\u00e4chst die geplanten Arbeiten an den Au\u00dfenmauern das Gel\u00e4nde sicherten und auch das Problem des eindringenden, kontaminierten Abwassers aus der Nachbarschaft beseitigt werden konnte.<br>Insgesamt war es nicht gelungen, den anvisierten Zeitplan von vier Monaten zur Umsetzung der Ma\u00dfnahmen einzuhalten. Dies war dem Ausbruch einer massiven zweiten Corona-Infektionswelle im Zuge der Verbreitung der Delta-Variante zwischen M\u00e4rz und Mai 2021 geschuldet. Die dadurch in Verzug geratenen Arbeiten konnten somit nicht rechtzeitig vor der Monsoonzeit abgeschlossen werden und erlitten somit eine weitere Verz\u00f6gerung und eine damit einhergehende leichte Kostensteigerung. Um so mehr freuen wir uns nun, Phase 1 unseres Kindergartenprojekts abgeschlossen zu haben und danken ausdr\u00fccklich all unseren Unterst\u00fctzern und Freunden in Deutschland!<br><br><a href=\"https:\/\/little-steps.org\/wp-content\/uploads\/2025\/07\/Projektbericht-YMCA-Kindergarten-Phase-1-DEU.pdf\"><strong>weiterlesen<\/strong><\/a><br><\/p>\n","protected":false},"excerpt":{"rendered":"<p>Die Er\u00f6ffnung eines eigenen Kindergartens, in dem all diese Ziele k\u00fcnftig umgesetzt werden sollen, ist der ausgesprochene Wunsch des YMCA Ranchi. Auf dem Gel\u00e4nde des Hauptsitzes des YMCA im Herzen der Stadt Ranchi, steht ein entsprechendes Geb\u00e4ude mit gro\u00dffl\u00e4chigem Au\u00dfenbereich zur Verf\u00fcgung. Weiterlesen Projektbericht Aus ALT mach NEUReparatur-, Sanierungs- und UmgestaltungsarbeitenDem erkl\u00e4rten Oberziel des Projekts, &hellip; <a href=\"https:\/\/little-steps.org\/?page_id=734\" class=\"more-link\"><span class=\"screen-reader-text\">YMCA Kindergarten       Ausbaustufe I<\/span> weiterlesen <span class=\"meta-nav\">&rarr;<\/span><\/a><\/p>\n","protected":false},"author":1,"featured_media":0,"parent":0,"menu_order":0,"comment_status":"closed","ping_status":"closed","template":"","meta":{"footnotes":""},"class_list":["post-734","page","type-page","status-publish","hentry"],"_links":{"self":[{"href":"https:\/\/little-steps.org\/index.php?rest_route=\/wp\/v2\/pages\/734","targetHints":{"allow":["GET"]}}],"collection":[{"href":"https:\/\/little-steps.org\/index.php?rest_route=\/wp\/v2\/pages"}],"about":[{"href":"https:\/\/little-steps.org\/index.php?rest_route=\/wp\/v2\/types\/page"}],"author":[{"embeddable":true,"href":"https:\/\/little-steps.org\/index.php?rest_route=\/wp\/v2\/users\/1"}],"replies":[{"embeddable":true,"href":"https:\/\/little-steps.org\/index.php?rest_route=%2Fwp%2Fv2%2Fcomments&post=734"}],"version-history":[{"count":9,"href":"https:\/\/little-steps.org\/index.php?rest_route=\/wp\/v2\/pages\/734\/revisions"}],"predecessor-version":[{"id":750,"href":"https:\/\/little-steps.org\/index.php?rest_route=\/wp\/v2\/pages\/734\/revisions\/750"}],"wp:attachment":[{"href":"https:\/\/little-steps.org\/index.php?rest_route=%2Fwp%2Fv2%2Fmedia&parent=734"}],"curies":[{"name":"wp","href":"https:\/\/api.w.org\/{rel}","templated":true}]}}