{"id":703,"date":"2025-07-11T08:11:58","date_gmt":"2025-07-11T08:11:58","guid":{"rendered":"https:\/\/little-steps.org\/?page_id=703"},"modified":"2025-07-12T10:43:13","modified_gmt":"2025-07-12T10:43:13","slug":"ymca-kindergarten-phase-ii-2","status":"publish","type":"page","link":"https:\/\/little-steps.org\/?page_id=703","title":{"rendered":"YMCA Kindergarten      Ausbaustufe II"},"content":{"rendered":"\n<h5 class=\"wp-block-heading\">Die erfolgreiche Umsetzung der 1. Projektphase erm\u00f6glicht es uns, nun in die 2. Phase \u00fcberzugehen, in der die weitere Umwandlung des nun renovierten Geb\u00e4udes in einen kinderfreundlichen Kindergarten erreicht werden soll mit dem Ziel, den Kindergarten mit Beginn des kommenden Schuljahres im April 2022 zu er\u00f6ffnen.<\/h5>\n\n\n\n<p class=\"has-text-align-right\"><strong><a href=\"https:\/\/little-steps.org\/wp-content\/uploads\/2025\/07\/Projektantrag-YMCA-Kindergarten-Phase-2-DEU-incl.-Budget.pdf\">Weiterlese<\/a>n<\/strong><\/p>\n\n\n\n<p><\/p>\n","protected":false},"excerpt":{"rendered":"<p>Die erfolgreiche Umsetzung der 1. Projektphase erm\u00f6glicht es uns, nun in die 2. Phase \u00fcberzugehen, in der die weitere Umwandlung des nun renovierten Geb\u00e4udes in einen kinderfreundlichen Kindergarten erreicht werden soll mit dem Ziel, den Kindergarten mit Beginn des kommenden Schuljahres im April 2022 zu er\u00f6ffnen. Weiterlesen<\/p>\n","protected":false},"author":1,"featured_media":0,"parent":0,"menu_order":0,"comment_status":"closed","ping_status":"closed","template":"","meta":{"footnotes":""},"class_list":["post-703","page","type-page","status-publish","hentry"],"_links":{"self":[{"href":"https:\/\/little-steps.org\/index.php?rest_route=\/wp\/v2\/pages\/703","targetHints":{"allow":["GET"]}}],"collection":[{"href":"https:\/\/little-steps.org\/index.php?rest_route=\/wp\/v2\/pages"}],"about":[{"href":"https:\/\/little-steps.org\/index.php?rest_route=\/wp\/v2\/types\/page"}],"author":[{"embeddable":true,"href":"https:\/\/little-steps.org\/index.php?rest_route=\/wp\/v2\/users\/1"}],"replies":[{"embeddable":true,"href":"https:\/\/little-steps.org\/index.php?rest_route=%2Fwp%2Fv2%2Fcomments&post=703"}],"version-history":[{"count":8,"href":"https:\/\/little-steps.org\/index.php?rest_route=\/wp\/v2\/pages\/703\/revisions"}],"predecessor-version":[{"id":749,"href":"https:\/\/little-steps.org\/index.php?rest_route=\/wp\/v2\/pages\/703\/revisions\/749"}],"wp:attachment":[{"href":"https:\/\/little-steps.org\/index.php?rest_route=%2Fwp%2Fv2%2Fmedia&parent=703"}],"curies":[{"name":"wp","href":"https:\/\/api.w.org\/{rel}","templated":true}]}}