{"id":66,"date":"2020-07-06T07:32:10","date_gmt":"2020-07-06T07:32:10","guid":{"rendered":"http:\/\/little-steps.org\/?page_id=66"},"modified":"2025-01-29T12:20:11","modified_gmt":"2025-01-29T12:20:11","slug":"bilder","status":"publish","type":"page","link":"https:\/\/little-steps.org\/?page_id=66","title":{"rendered":"Bilder"},"content":{"rendered":"\n<h2 class=\"wp-block-heading\"><strong>Er\u00f6ffnungsfeier Kindergarten Chaibasa<\/strong><\/h2>\n\n\n\n<p class=\"has-medium-font-size\">Liebe F\u00f6rderer und Freunde des Martha Kindergarten-Programms,<br>sie haben es tats\u00e4chlich geschafft! Der Kindergarten in Chaibasa wurde am <strong>Sonntag, 13.1. 2019<\/strong> er\u00f6ffnet. Obwohl die offizielle &#8222;Inauguration&#8220; der Kirche erst Ende M\u00e4rz stattfinden wird, konnte der Kindergarten, auch dank der Unterst\u00fctzung von Little Steps e.V. bereits am Montag seine Arbeit aufnehmen. Danke!<\/p>\n\n\n\n<p class=\"has-medium-font-size\">Wenn ich an die vergangene Zeit mit all den Hindernissen und Schwierigkeiten, die es zu \u00fcberwinden galt, zur\u00fcckdenke, bin ich voller Bewunderung und Dankbarkeit f\u00fcr das unerm\u00fctliche Engagement dieser Gemeinde. Da hat wirklich Jung und Alt mitgeholfen.<\/p>\n\n\n\n<p class=\"has-medium-font-size\">Ein gro\u00dfes dankbares Lob auch an Alex, ohne dessen deutsch-indische Koordination vieles nicht m\u00f6glich gewesen w\u00e4re.<\/p>\n\n\n\n<figure class=\"wp-block-gallery has-nested-images columns-default is-cropped wp-block-gallery-1 is-layout-flex wp-block-gallery-is-layout-flex\">\n<figure class=\"wp-block-image size-large\"><img loading=\"lazy\" decoding=\"async\" width=\"577\" height=\"433\" data-id=\"590\" src=\"https:\/\/little-steps.org\/wp-content\/uploads\/2025\/01\/0.jpg\" alt=\"\" class=\"wp-image-590\" srcset=\"https:\/\/little-steps.org\/wp-content\/uploads\/2025\/01\/0.jpg 577w, https:\/\/little-steps.org\/wp-content\/uploads\/2025\/01\/0-300x225.jpg 300w\" sizes=\"auto, (max-width: 577px) 100vw, 577px\" \/><\/figure>\n\n\n\n<figure class=\"wp-block-image size-large\"><img loading=\"lazy\" decoding=\"async\" width=\"577\" height=\"433\" data-id=\"591\" src=\"https:\/\/little-steps.org\/wp-content\/uploads\/2025\/01\/1.jpg\" alt=\"\" class=\"wp-image-591\" srcset=\"https:\/\/little-steps.org\/wp-content\/uploads\/2025\/01\/1.jpg 577w, https:\/\/little-steps.org\/wp-content\/uploads\/2025\/01\/1-300x225.jpg 300w\" sizes=\"auto, (max-width: 577px) 100vw, 577px\" \/><\/figure>\n\n\n\n<figure class=\"wp-block-image size-large\"><img loading=\"lazy\" decoding=\"async\" width=\"612\" height=\"408\" data-id=\"592\" src=\"https:\/\/little-steps.org\/wp-content\/uploads\/2025\/01\/2.jpg\" alt=\"\" class=\"wp-image-592\" srcset=\"https:\/\/little-steps.org\/wp-content\/uploads\/2025\/01\/2.jpg 612w, https:\/\/little-steps.org\/wp-content\/uploads\/2025\/01\/2-300x200.jpg 300w\" sizes=\"auto, (max-width: 612px) 100vw, 612px\" \/><\/figure>\n\n\n\n<figure class=\"wp-block-image size-large\"><img loading=\"lazy\" decoding=\"async\" width=\"577\" height=\"433\" data-id=\"593\" src=\"https:\/\/little-steps.org\/wp-content\/uploads\/2025\/01\/3.jpg\" alt=\"\" class=\"wp-image-593\" srcset=\"https:\/\/little-steps.org\/wp-content\/uploads\/2025\/01\/3.jpg 577w, https:\/\/little-steps.org\/wp-content\/uploads\/2025\/01\/3-300x225.jpg 300w\" sizes=\"auto, (max-width: 577px) 100vw, 577px\" \/><\/figure>\n\n\n\n<figure class=\"wp-block-image size-large\"><img loading=\"lazy\" decoding=\"async\" width=\"612\" height=\"408\" data-id=\"594\" src=\"https:\/\/little-steps.org\/wp-content\/uploads\/2025\/01\/4.jpg\" alt=\"\" class=\"wp-image-594\" srcset=\"https:\/\/little-steps.org\/wp-content\/uploads\/2025\/01\/4.jpg 612w, https:\/\/little-steps.org\/wp-content\/uploads\/2025\/01\/4-300x200.jpg 300w\" sizes=\"auto, (max-width: 612px) 100vw, 612px\" \/><\/figure>\n\n\n\n<figure class=\"wp-block-image size-large\"><img loading=\"lazy\" decoding=\"async\" width=\"612\" height=\"408\" data-id=\"595\" src=\"https:\/\/little-steps.org\/wp-content\/uploads\/2025\/01\/5.jpg\" alt=\"\" class=\"wp-image-595\" srcset=\"https:\/\/little-steps.org\/wp-content\/uploads\/2025\/01\/5.jpg 612w, https:\/\/little-steps.org\/wp-content\/uploads\/2025\/01\/5-300x200.jpg 300w\" sizes=\"auto, (max-width: 612px) 100vw, 612px\" \/><\/figure>\n\n\n\n<figure class=\"wp-block-image size-large\"><img loading=\"lazy\" decoding=\"async\" width=\"408\" height=\"612\" data-id=\"596\" src=\"https:\/\/little-steps.org\/wp-content\/uploads\/2025\/01\/6.jpg\" alt=\"\" class=\"wp-image-596\" srcset=\"https:\/\/little-steps.org\/wp-content\/uploads\/2025\/01\/6.jpg 408w, https:\/\/little-steps.org\/wp-content\/uploads\/2025\/01\/6-200x300.jpg 200w\" sizes=\"auto, (max-width: 408px) 100vw, 408px\" \/><\/figure>\n\n\n\n<figure class=\"wp-block-image size-large\"><img loading=\"lazy\" decoding=\"async\" width=\"612\" height=\"408\" data-id=\"597\" src=\"https:\/\/little-steps.org\/wp-content\/uploads\/2025\/01\/7.jpg\" alt=\"\" class=\"wp-image-597\" srcset=\"https:\/\/little-steps.org\/wp-content\/uploads\/2025\/01\/7.jpg 612w, https:\/\/little-steps.org\/wp-content\/uploads\/2025\/01\/7-300x200.jpg 300w\" sizes=\"auto, (max-width: 612px) 100vw, 612px\" \/><\/figure>\n\n\n\n<figure class=\"wp-block-image size-large\"><img loading=\"lazy\" decoding=\"async\" width=\"577\" height=\"433\" data-id=\"598\" src=\"https:\/\/little-steps.org\/wp-content\/uploads\/2025\/01\/8.jpg\" alt=\"\" class=\"wp-image-598\" srcset=\"https:\/\/little-steps.org\/wp-content\/uploads\/2025\/01\/8.jpg 577w, https:\/\/little-steps.org\/wp-content\/uploads\/2025\/01\/8-300x225.jpg 300w\" sizes=\"auto, (max-width: 577px) 100vw, 577px\" \/><\/figure>\n\n\n\n<figure class=\"wp-block-image size-large\"><img loading=\"lazy\" decoding=\"async\" width=\"577\" height=\"433\" data-id=\"599\" src=\"https:\/\/little-steps.org\/wp-content\/uploads\/2025\/01\/9.jpg\" alt=\"\" class=\"wp-image-599\" srcset=\"https:\/\/little-steps.org\/wp-content\/uploads\/2025\/01\/9.jpg 577w, https:\/\/little-steps.org\/wp-content\/uploads\/2025\/01\/9-300x225.jpg 300w\" sizes=\"auto, (max-width: 577px) 100vw, 577px\" \/><\/figure>\n\n\n\n<figure class=\"wp-block-image size-large\"><img loading=\"lazy\" decoding=\"async\" width=\"577\" height=\"433\" data-id=\"600\" src=\"https:\/\/little-steps.org\/wp-content\/uploads\/2025\/01\/10.jpg\" alt=\"\" class=\"wp-image-600\" srcset=\"https:\/\/little-steps.org\/wp-content\/uploads\/2025\/01\/10.jpg 577w, https:\/\/little-steps.org\/wp-content\/uploads\/2025\/01\/10-300x225.jpg 300w\" sizes=\"auto, (max-width: 577px) 100vw, 577px\" \/><\/figure>\n\n\n\n<figure class=\"wp-block-image size-large\"><img loading=\"lazy\" decoding=\"async\" width=\"577\" height=\"433\" data-id=\"601\" src=\"https:\/\/little-steps.org\/wp-content\/uploads\/2025\/01\/11.jpg\" alt=\"\" class=\"wp-image-601\" srcset=\"https:\/\/little-steps.org\/wp-content\/uploads\/2025\/01\/11.jpg 577w, https:\/\/little-steps.org\/wp-content\/uploads\/2025\/01\/11-300x225.jpg 300w\" sizes=\"auto, (max-width: 577px) 100vw, 577px\" \/><\/figure>\n\n\n\n<figure class=\"wp-block-image size-large\"><img loading=\"lazy\" decoding=\"async\" width=\"408\" height=\"612\" data-id=\"602\" src=\"https:\/\/little-steps.org\/wp-content\/uploads\/2025\/01\/12.jpg\" alt=\"\" class=\"wp-image-602\" srcset=\"https:\/\/little-steps.org\/wp-content\/uploads\/2025\/01\/12.jpg 408w, https:\/\/little-steps.org\/wp-content\/uploads\/2025\/01\/12-200x300.jpg 200w\" sizes=\"auto, (max-width: 408px) 100vw, 408px\" \/><\/figure>\n<\/figure>\n","protected":false},"excerpt":{"rendered":"<p>Er\u00f6ffnungsfeier Kindergarten Chaibasa Liebe F\u00f6rderer und Freunde des Martha Kindergarten-Programms,sie haben es tats\u00e4chlich geschafft! Der Kindergarten in Chaibasa wurde am Sonntag, 13.1. 2019 er\u00f6ffnet. Obwohl die offizielle &#8222;Inauguration&#8220; der Kirche erst Ende M\u00e4rz stattfinden wird, konnte der Kindergarten, auch dank der Unterst\u00fctzung von Little Steps e.V. bereits am Montag seine Arbeit aufnehmen. Danke! Wenn ich &hellip; <a href=\"https:\/\/little-steps.org\/?page_id=66\" class=\"more-link\"><span class=\"screen-reader-text\">Bilder<\/span> weiterlesen <span class=\"meta-nav\">&rarr;<\/span><\/a><\/p>\n","protected":false},"author":1,"featured_media":0,"parent":0,"menu_order":0,"comment_status":"closed","ping_status":"closed","template":"","meta":{"footnotes":""},"class_list":["post-66","page","type-page","status-publish","hentry"],"_links":{"self":[{"href":"https:\/\/little-steps.org\/index.php?rest_route=\/wp\/v2\/pages\/66","targetHints":{"allow":["GET"]}}],"collection":[{"href":"https:\/\/little-steps.org\/index.php?rest_route=\/wp\/v2\/pages"}],"about":[{"href":"https:\/\/little-steps.org\/index.php?rest_route=\/wp\/v2\/types\/page"}],"author":[{"embeddable":true,"href":"https:\/\/little-steps.org\/index.php?rest_route=\/wp\/v2\/users\/1"}],"replies":[{"embeddable":true,"href":"https:\/\/little-steps.org\/index.php?rest_route=%2Fwp%2Fv2%2Fcomments&post=66"}],"version-history":[{"count":20,"href":"https:\/\/little-steps.org\/index.php?rest_route=\/wp\/v2\/pages\/66\/revisions"}],"predecessor-version":[{"id":603,"href":"https:\/\/little-steps.org\/index.php?rest_route=\/wp\/v2\/pages\/66\/revisions\/603"}],"wp:attachment":[{"href":"https:\/\/little-steps.org\/index.php?rest_route=%2Fwp%2Fv2%2Fmedia&parent=66"}],"curies":[{"name":"wp","href":"https:\/\/api.w.org\/{rel}","templated":true}]}}