{"id":610,"date":"2025-07-10T14:49:54","date_gmt":"2025-07-10T14:49:54","guid":{"rendered":"https:\/\/little-steps.org\/?page_id=610"},"modified":"2025-07-12T10:47:44","modified_gmt":"2025-07-12T10:47:44","slug":"gesunde-ernaehrung-in-slum-kindergaerten-ucdp-2023-24","status":"publish","type":"page","link":"https:\/\/little-steps.org\/?page_id=610","title":{"rendered":"Gesunde Ern\u00e4hrung in Slum-Kinderg\u00e4rten (UCDP) 2023-24"},"content":{"rendered":"\n<p>Dieses Projekt ist direkt mit den Bildungsangeboten des \u201eUrban Community Development Project\u201c (UCDP) des YMCA Ranchi verkn\u00fcpft, das in sechs Zentren der st\u00e4dtischen Slums t\u00e4glich Vorschulen und Spielschulen betreibt. <\/p>\n\n\n\n<p class=\"has-text-align-right\"><a href=\"https:\/\/little-steps.org\/wp-content\/uploads\/2025\/07\/Gesunde-Ernaehrung-in-Slum-Kindergaerten-UCDP-2023-24.pdf\"><strong>weiterlesen<\/strong><\/a><\/p>\n\n\n\n<p><\/p>\n\n\n\n<p><strong>Regelm\u00e4\u00dfige Essensversorgung f\u00fcr Kinder in sechs Vorschulen in Slums <\/strong><br>Die Hauptaktivit\u00e4t des Projekts war die regelm\u00e4\u00dfige Essensversorgung der Kinder in den sechs Vorschulen in den Slums, die wir w\u00e4hrend des gesamten Berichtszeitraums durchf\u00fchrten. Um die Qualit\u00e4t der Verpflegung schrittweise zu verbessern, planten und f\u00fchrten wir mehrere Treffen und Workshops mit den K\u00f6chen und Lehrern durch, um die Bedeutung der Ern\u00e4hrung detailliert zu erl\u00e4utern und gemeinsam einen Wochenplan zu entwickeln.<\/p>\n\n\n\n<p><strong>Projektbericht <a href=\"https:\/\/little-steps.org\/wp-content\/uploads\/2025\/07\/Projektbericht_Gesunde-Ernaaehrung-in-Slum-Kindergaerten-UCDP-1.pdf\">hier <\/a>klicken<\/strong><\/p>\n\n\n\n<p><\/p>\n","protected":false},"excerpt":{"rendered":"<p>Dieses Projekt ist direkt mit den Bildungsangeboten des \u201eUrban Community Development Project\u201c (UCDP) des YMCA Ranchi verkn\u00fcpft, das in sechs Zentren der st\u00e4dtischen Slums t\u00e4glich Vorschulen und Spielschulen betreibt. weiterlesen Regelm\u00e4\u00dfige Essensversorgung f\u00fcr Kinder in sechs Vorschulen in Slums Die Hauptaktivit\u00e4t des Projekts war die regelm\u00e4\u00dfige Essensversorgung der Kinder in den sechs Vorschulen in den &hellip; <a href=\"https:\/\/little-steps.org\/?page_id=610\" class=\"more-link\"><span class=\"screen-reader-text\">Gesunde Ern\u00e4hrung in Slum-Kinderg\u00e4rten (UCDP) 2023-24<\/span> weiterlesen <span class=\"meta-nav\">&rarr;<\/span><\/a><\/p>\n","protected":false},"author":1,"featured_media":0,"parent":0,"menu_order":0,"comment_status":"closed","ping_status":"closed","template":"","meta":{"footnotes":""},"class_list":["post-610","page","type-page","status-publish","hentry"],"_links":{"self":[{"href":"https:\/\/little-steps.org\/index.php?rest_route=\/wp\/v2\/pages\/610","targetHints":{"allow":["GET"]}}],"collection":[{"href":"https:\/\/little-steps.org\/index.php?rest_route=\/wp\/v2\/pages"}],"about":[{"href":"https:\/\/little-steps.org\/index.php?rest_route=\/wp\/v2\/types\/page"}],"author":[{"embeddable":true,"href":"https:\/\/little-steps.org\/index.php?rest_route=\/wp\/v2\/users\/1"}],"replies":[{"embeddable":true,"href":"https:\/\/little-steps.org\/index.php?rest_route=%2Fwp%2Fv2%2Fcomments&post=610"}],"version-history":[{"count":12,"href":"https:\/\/little-steps.org\/index.php?rest_route=\/wp\/v2\/pages\/610\/revisions"}],"predecessor-version":[{"id":752,"href":"https:\/\/little-steps.org\/index.php?rest_route=\/wp\/v2\/pages\/610\/revisions\/752"}],"wp:attachment":[{"href":"https:\/\/little-steps.org\/index.php?rest_route=%2Fwp%2Fv2%2Fmedia&parent=610"}],"curies":[{"name":"wp","href":"https:\/\/api.w.org\/{rel}","templated":true}]}}