{"id":562,"date":"2023-06-08T07:57:55","date_gmt":"2023-06-08T07:57:55","guid":{"rendered":"https:\/\/little-steps.org\/?page_id=562"},"modified":"2025-06-16T09:51:55","modified_gmt":"2025-06-16T09:51:55","slug":"spenden","status":"publish","type":"page","link":"https:\/\/little-steps.org\/?page_id=562","title":{"rendered":"Spenden"},"content":{"rendered":"\n<p><strong>Sie k\u00f6nnen unsere Arbeit mit Ihrer Spende unterst\u00fctzen<\/strong><\/p>\n\n\n\n<p>Unsere Kontonummer bei der  Berliner Sparkasse:<\/p>\n\n\n\n<p>I<strong>BAN: DE04 1005 0000 0190 7896 70<\/strong><br>Kennwort: Kinderhilfe<\/p>\n\n\n\n<p>Wenn Sie auf dem \u00dcberweisungstr\u00e4ger Ihre Adresse vermerken, k\u00f6nnen wir Ihnen eine Spendenbescheinigung ausstellen.<\/p>\n\n\n\n<p>Wir w\u00fcrden uns auch freuen, wenn Sie unserem Verein als F\u00f6rdermitglied beitreten.<br>Der Jahresbeitrag betr\u00e4gt 30 Euro.<br><a href=\"https:\/\/little-steps.org\/wp-content\/uploads\/2020\/07\/Beitrittserkl\u00e4rung-1.pdf\">Hier<\/a> k\u00f6nnen Sie sich das Formular herunterladen.<\/p>\n","protected":false},"excerpt":{"rendered":"<p>Sie k\u00f6nnen unsere Arbeit mit Ihrer Spende unterst\u00fctzen Unsere Kontonummer bei der Berliner Sparkasse: IBAN: DE04 1005 0000 0190 7896 70Kennwort: Kinderhilfe Wenn Sie auf dem \u00dcberweisungstr\u00e4ger Ihre Adresse vermerken, k\u00f6nnen wir Ihnen eine Spendenbescheinigung ausstellen. Wir w\u00fcrden uns auch freuen, wenn Sie unserem Verein als F\u00f6rdermitglied beitreten.Der Jahresbeitrag betr\u00e4gt 30 Euro.Hier k\u00f6nnen Sie sich &hellip; <a href=\"https:\/\/little-steps.org\/?page_id=562\" class=\"more-link\"><span class=\"screen-reader-text\">Spenden<\/span> weiterlesen <span class=\"meta-nav\">&rarr;<\/span><\/a><\/p>\n","protected":false},"author":1,"featured_media":0,"parent":0,"menu_order":0,"comment_status":"closed","ping_status":"closed","template":"","meta":{"footnotes":""},"class_list":["post-562","page","type-page","status-publish","hentry"],"_links":{"self":[{"href":"https:\/\/little-steps.org\/index.php?rest_route=\/wp\/v2\/pages\/562","targetHints":{"allow":["GET"]}}],"collection":[{"href":"https:\/\/little-steps.org\/index.php?rest_route=\/wp\/v2\/pages"}],"about":[{"href":"https:\/\/little-steps.org\/index.php?rest_route=\/wp\/v2\/types\/page"}],"author":[{"embeddable":true,"href":"https:\/\/little-steps.org\/index.php?rest_route=\/wp\/v2\/users\/1"}],"replies":[{"embeddable":true,"href":"https:\/\/little-steps.org\/index.php?rest_route=%2Fwp%2Fv2%2Fcomments&post=562"}],"version-history":[{"count":7,"href":"https:\/\/little-steps.org\/index.php?rest_route=\/wp\/v2\/pages\/562\/revisions"}],"predecessor-version":[{"id":606,"href":"https:\/\/little-steps.org\/index.php?rest_route=\/wp\/v2\/pages\/562\/revisions\/606"}],"wp:attachment":[{"href":"https:\/\/little-steps.org\/index.php?rest_route=%2Fwp%2Fv2%2Fmedia&parent=562"}],"curies":[{"name":"wp","href":"https:\/\/api.w.org\/{rel}","templated":true}]}}