{"id":535,"date":"2021-05-10T09:00:31","date_gmt":"2021-05-10T09:00:31","guid":{"rendered":"http:\/\/little-steps.org\/?page_id=535"},"modified":"2025-07-12T11:12:36","modified_gmt":"2025-07-12T11:12:36","slug":"corona_pandemie-in-indien","status":"publish","type":"page","link":"https:\/\/little-steps.org\/?page_id=535","title":{"rendered":"Corona-Pandemie in Indien"},"content":{"rendered":"\n<p>Die Corona-Lage in Indien hat sich in den vergangenen Wochen stark zugespitzt. Nachdem sich zuvor die Lage \u00fcber viele Monate entspannt hatte, die Infektionszahlen relativ niedrig waren und gef\u00fchlt ein mehr oder weniger normales Leben wieder m\u00f6glich schien, schnellten die Zahlen der Neuinfektionen ab Ende M\u00e4rz wieder in die H\u00f6he. Zwischen Mitte Januar und Anfang M\u00e4rz lagen die t\u00e4glichen Neuinfektionszahlen zwischen 10-15.000. W\u00e4hrend die offiziellen Zahlen w\u00e4hrend der ersten Infektionswelle in Indien Mitte September 2020 einen H\u00f6hepunkt von bis zu 97.000 pro Tag erreicht hatten, wurde am 1. Mai ein Wert von \u00fcber 400.000 erreicht. Dabei liegt die Dunkelziffer um ein Vielfaches h\u00f6her.           <\/p>\n\n\n\n<p class=\"has-text-align-right\"><strong>[<a href=\"https:\/\/little-steps.org\/wp-content\/uploads\/2021\/05\/Beschreibung-Corona-Lage-fuer-Little-Steps-4.pdf\">weiterlesen<\/a>]<\/strong><\/p>\n\n\n\n<p><strong>Corona-Soforthilfe f\u00fcr Familien von Mitarbeitenden in Charity-Kinderg\u00e4rten<\/strong><\/p>\n\n\n\n<p>Liebe Mitglieder, F\u00f6rderer und Freunde von Little Steps e.V.<\/p>\n\n\n\n<p>eben erreichte mich diese detaillierte Projektbeschreibung von Alex, die uns die Situation vor Ort und die damit verbundene notwendige Hilfeleistung deutlich vor Augen f\u00fchrt.                           <\/p>\n\n\n\n<p class=\"has-text-align-right\"><strong>[<a href=\"https:\/\/little-steps.org\/wp-content\/uploads\/2021\/05\/Projektbeschreibung-Corona-Soforthilfe-fuer-KiGa-Mitarbeiterfamilien-in-Indien.pdf\">weiterlesen<\/a>]<\/strong><\/p>\n\n\n\n<p><strong>Dankschreiben des YMCA Ranchi-Vorstandes<\/strong><\/p>\n\n\n\n<p class=\"has-text-align-right\">(<strong><a href=\"https:\/\/little-steps.org\/wp-content\/uploads\/2025\/07\/cover-letter-to-Helga.pdf\">weiterlesen<\/a><\/strong>)<\/p>\n\n\n\n<p class=\"has-text-align-right\"><\/p>\n\n\n\n<p><\/p>\n","protected":false},"excerpt":{"rendered":"<p>Die Corona-Lage in Indien hat sich in den vergangenen Wochen stark zugespitzt. Nachdem sich zuvor die Lage \u00fcber viele Monate entspannt hatte, die Infektionszahlen relativ niedrig waren und gef\u00fchlt ein mehr oder weniger normales Leben wieder m\u00f6glich schien, schnellten die Zahlen der Neuinfektionen ab Ende M\u00e4rz wieder in die H\u00f6he. Zwischen Mitte Januar und Anfang &hellip; <a href=\"https:\/\/little-steps.org\/?page_id=535\" class=\"more-link\"><span class=\"screen-reader-text\">Corona-Pandemie in Indien<\/span> weiterlesen <span class=\"meta-nav\">&rarr;<\/span><\/a><\/p>\n","protected":false},"author":1,"featured_media":0,"parent":0,"menu_order":0,"comment_status":"closed","ping_status":"closed","template":"","meta":{"footnotes":""},"class_list":["post-535","page","type-page","status-publish","hentry"],"_links":{"self":[{"href":"https:\/\/little-steps.org\/index.php?rest_route=\/wp\/v2\/pages\/535","targetHints":{"allow":["GET"]}}],"collection":[{"href":"https:\/\/little-steps.org\/index.php?rest_route=\/wp\/v2\/pages"}],"about":[{"href":"https:\/\/little-steps.org\/index.php?rest_route=\/wp\/v2\/types\/page"}],"author":[{"embeddable":true,"href":"https:\/\/little-steps.org\/index.php?rest_route=\/wp\/v2\/users\/1"}],"replies":[{"embeddable":true,"href":"https:\/\/little-steps.org\/index.php?rest_route=%2Fwp%2Fv2%2Fcomments&post=535"}],"version-history":[{"count":11,"href":"https:\/\/little-steps.org\/index.php?rest_route=\/wp\/v2\/pages\/535\/revisions"}],"predecessor-version":[{"id":760,"href":"https:\/\/little-steps.org\/index.php?rest_route=\/wp\/v2\/pages\/535\/revisions\/760"}],"wp:attachment":[{"href":"https:\/\/little-steps.org\/index.php?rest_route=%2Fwp%2Fv2%2Fmedia&parent=535"}],"curies":[{"name":"wp","href":"https:\/\/api.w.org\/{rel}","templated":true}]}}