{"id":46,"date":"2020-07-04T11:25:47","date_gmt":"2020-07-04T11:25:47","guid":{"rendered":"http:\/\/little-steps.org\/?page_id=46"},"modified":"2025-07-19T11:40:53","modified_gmt":"2025-07-19T11:40:53","slug":"berichte","status":"publish","type":"page","link":"https:\/\/little-steps.org\/?page_id=46","title":{"rendered":"Berichte"},"content":{"rendered":"\n<p class=\"has-large-font-size\"><strong>2024<\/strong><\/p>\n\n\n\n<p class=\"has-medium-font-size\"><strong>Vorschulbildungsarbeit unter UCDP in den Slums von Ranchi<\/strong><\/p>\n\n\n\n<p class=\"has-medium-font-size\">Dank der gro\u00dfz\u00fcgigen finanziellen Unterst\u00fctzung von Little Steps e.V. konnten wir die Programme der Vorschulerziehungsarbeit im Rahmen unseres Urban Community Development Project (UCDP) fortsetzen und die Bildungsangebote in den 6 Slum-Vorschulen in Ranchi weiterf\u00fchren.<\/p>\n\n\n\n<p class=\"has-medium-font-size\"><strong><a href=\"https:\/\/little-steps.org\/wp-content\/uploads\/2025\/07\/Bericht-zum-Education-Support-DEU.pdf\">weiterlesen<\/a><\/strong><\/p>\n\n\n\n<h6 class=\"wp-block-heading has-large-font-size\">2023<\/h6>\n\n\n\n<p class=\"has-medium-font-size\"><strong>Bericht September 2023<\/strong><\/p>\n\n\n\n<p class=\"has-medium-font-size\"><strong>Gesunde Ern\u00e4hrung in Slum-Kinderg\u00e4rten (UCDP)<\/strong><br>Regelm\u00e4\u00dfige Essensversorgung f\u00fcr Kinder in sechs Vorschulen in Slums Die Hauptaktivit\u00e4t des Projekts war die regelm\u00e4\u00dfige Essensversorgung der Kinder in den sechs Vorschulen in den Slums, die wir w\u00e4hrend des gesamten Berichtszeitraums durchf\u00fchrten. Um die Qualit\u00e4t der Verpflegung schrittweise zu verbessern, planten und f\u00fchrten wir mehrere Treffen und Workshops mit den K\u00f6chen und Lehrern durch, um die Bedeutung der Ern\u00e4hrung detailliert zu erl\u00e4utern und gemeinsam einen Wochenplan zu entwickeln.<\/p>\n\n\n\n<p class=\"has-text-align-left has-medium-font-size\"><a href=\"https:\/\/little-steps.org\/wp-content\/uploads\/2025\/07\/Projektbericht_Gesunde-Ernaaehrung-in-Slum-Kindergaerten-UCDP-1.pdf\"><strong>weiterlese<\/strong><\/a><a href=\"https:\/\/little-steps.org\/wp-content\/uploads\/2025\/07\/Projektbericht_Gesunde-Ernaaehrung-in-Slum-Kindergaerten-UCDP.pdf\"><strong>n<\/strong><\/a><\/p>\n\n\n\n<p class=\"has-large-font-size\"><strong>2021<\/strong><\/p>\n\n\n\n<p class=\"has-medium-font-size\"><strong>Aus ALT mach NEU<\/strong><br>Bau eines reformp\u00e4dagogischen Kindergarten des YMCA Ranchi als Modellkindergarten f\u00fcr unsere st\u00e4dtische Vorschularbeit.<\/p>\n\n\n\n<p><strong><a href=\"https:\/\/little-steps.org\/wp-content\/uploads\/2025\/07\/Projektbericht-YMCA-Kindergarten-Phase-1-DEU.pdf\">Weiterlesen<\/a><\/strong><\/p>\n\n\n\n<p class=\"has-medium-font-size\"><strong>Bericht Mai 2021<\/strong><br>Ein Milliarden-Volk steht unter Schock. Jetzt zeigt sich das ganze marode Gesundheitssystem Indiens mit seiner Klassengesellschaft von seiner h\u00e4sslichsten Seite. Und die Armen und die Landbev\u00f6lkerung sind dem hilflos ausgeliefert, denn noch immer, auch nach zwei Jahren Corona, fehlen vor allem auf dem Land die dringend n\u00f6tige Aufkl\u00e4rung und damit verbundenen Hilfsmittel. <\/p>\n\n\n\n<p class=\"has-text-align-left\"><a href=\"https:\/\/little-steps.org\/wp-content\/uploads\/2021\/05\/Bericht-Mai-2021.pdf\"><strong>Weiterlesen<\/strong><\/a><\/p>\n\n\n\n<h2 class=\"wp-block-heading\">2020<\/h2>\n\n\n\n<p class=\"has-text-align-left has-medium-font-size\"><strong>Bericht<\/strong> <strong>November 2020<\/strong><br>Viel &#8222;Corona-Zeit&#8220; ist vergangen seit meinem letzten Bericht und es ist sch\u00f6n, dass ich mich heute mit einigen Neuigkeiten an Euch wenden darf.<\/p>\n\n\n\n<p class=\"has-text-align-left\"><a href=\"https:\/\/little-steps.org\/wp-content\/uploads\/2020\/11\/Bericht-November-2020.pdf\"><strong>Weiterlesen<\/strong><\/a><\/p>\n\n\n\n<p class=\"has-medium-font-size\"><strong>Bericht<\/strong> <strong>M\u00e4rz 2020<\/strong><br>Herzlich willkommen im Jahr 2020!<br>M\u00f6ge es f\u00fcr unser gemeinsames Anliegen viel Positives bereithalten.<\/p>\n\n\n\n<p class=\"has-text-align-left\"><a href=\"https:\/\/little-steps.org\/wp-content\/uploads\/2020\/07\/Bericht-M\u00e4rz-2020.pdf\"><strong>Weiterlesen<\/strong><\/a><\/p>\n\n\n\n<h2 class=\"wp-block-heading\">2019<\/h2>\n\n\n\n<p class=\"has-text-align-left has-medium-font-size\"><strong>Bericht November 2019<\/strong><br>Wenn wir mal wieder in unseren warmen Wohnungen \u00fcber die kurzen dunklen tr\u00fcben Tage st\u00f6hnen, lasst uns dann mitf\u00fchlend denken an die Adivasi, die jetzt wieder bis Ende Februar die kalte Zeit mit z.T. einstelligen Temperaturen und ohne Heizung \u00fcberstehen m\u00fcssen.<\/p>\n\n\n\n<p class=\"has-text-align-left\"><a href=\"https:\/\/little-steps.org\/wp-content\/uploads\/2020\/07\/Bericht-November-2019.pdf\"><strong>weiterlesen<\/strong><\/a><\/p>\n\n\n\n<p class=\"has-text-align-left has-medium-font-size\"><strong>Bericht M\u00e4rz\/April 2019<\/strong><br>Liebe Freunde und F\u00f6rderer,<br>hei\u00df war es in Indien! Seit zwei Wochen bin ich nun wieder zur\u00fcck und m\u00f6chte Euch gerne davon berichten.<br>Ich wurde diesmal begleitet von Dr. Klaus Roeber, Ehrenkurator und Historiker der Gossner Mission, der wegen des im Herbst stattfindenden Autonomie-Jubil\u00e4ums der ind. Gossner Kirche (1919-2019) dort zu tun hatte. Er ist auch Gr\u00fcndungsmitglied unseres F\u00f6rdervereins.<\/p>\n\n\n\n<p class=\"has-text-align-left\"><a href=\"https:\/\/little-steps.org\/wp-content\/uploads\/2020\/07\/Bericht-M\u00e4rz-April-2019.pdf\"><strong>weiterlesen<\/strong><\/a><\/p>\n\n\n\n<p class=\"has-medium-font-size\"><strong>F\u00f6rderung von 5 Charity-Kindergartenpl\u00e4tzen<\/strong> <br>im MKG Chaibasa  (September 2019) <br><a href=\"http:\/\/little-steps.org\/wp-content\/uploads\/2020\/07\/Kurzbericht-F\u00f6rderung-von-5-Charity-Kindergartenpl\u00e4tzen-im-MKG-Chaibasa-mit-Beleg-1.pdf\">hier<\/a> klicken<\/p>\n\n\n\n<p class=\"has-medium-font-size\"><strong>Kurzbericht YMCA-Fu\u00dfballturnier<\/strong><br><a href=\"https:\/\/little-steps.org\/wp-content\/uploads\/2020\/07\/Kurzbericht-YMCA-Fu\u00dfball-Turnier.pdf\">hier <\/a>klicken<\/p>\n\n\n\n<p class=\"has-medium-font-size\"><strong>Gl\u00fcckwunsch YMCA <\/strong><br><a href=\"https:\/\/little-steps.org\/wp-content\/uploads\/2020\/07\/Gl\u00fcckw\u00fcnsche-YMCA-Nov.-2019.pdf\">hier <\/a>klicken<\/p>\n\n\n\n<p class=\"has-medium-font-size\"><strong>Dankschreiben 2019<\/strong><br><a href=\"https:\/\/little-steps.org\/wp-content\/uploads\/2020\/07\/Dankschreiben-YMCA-2019.pdf\">hier <\/a>klicken<\/p>\n\n\n\n<p><\/p>\n\n\n\n<p><\/p>\n\n\n\n<p><\/p>\n","protected":false},"excerpt":{"rendered":"<p>2024 Vorschulbildungsarbeit unter UCDP in den Slums von Ranchi Dank der gro\u00dfz\u00fcgigen finanziellen Unterst\u00fctzung von Little Steps e.V. konnten wir die Programme der Vorschulerziehungsarbeit im Rahmen unseres Urban Community Development Project (UCDP) fortsetzen und die Bildungsangebote in den 6 Slum-Vorschulen in Ranchi weiterf\u00fchren. weiterlesen 2023 Bericht September 2023 Gesunde Ern\u00e4hrung in Slum-Kinderg\u00e4rten (UCDP)Regelm\u00e4\u00dfige Essensversorgung f\u00fcr &hellip; <a href=\"https:\/\/little-steps.org\/?page_id=46\" class=\"more-link\"><span class=\"screen-reader-text\">Berichte<\/span> weiterlesen <span class=\"meta-nav\">&rarr;<\/span><\/a><\/p>\n","protected":false},"author":1,"featured_media":0,"parent":0,"menu_order":0,"comment_status":"closed","ping_status":"closed","template":"","meta":{"footnotes":""},"class_list":["post-46","page","type-page","status-publish","hentry"],"_links":{"self":[{"href":"https:\/\/little-steps.org\/index.php?rest_route=\/wp\/v2\/pages\/46","targetHints":{"allow":["GET"]}}],"collection":[{"href":"https:\/\/little-steps.org\/index.php?rest_route=\/wp\/v2\/pages"}],"about":[{"href":"https:\/\/little-steps.org\/index.php?rest_route=\/wp\/v2\/types\/page"}],"author":[{"embeddable":true,"href":"https:\/\/little-steps.org\/index.php?rest_route=\/wp\/v2\/users\/1"}],"replies":[{"embeddable":true,"href":"https:\/\/little-steps.org\/index.php?rest_route=%2Fwp%2Fv2%2Fcomments&post=46"}],"version-history":[{"count":49,"href":"https:\/\/little-steps.org\/index.php?rest_route=\/wp\/v2\/pages\/46\/revisions"}],"predecessor-version":[{"id":779,"href":"https:\/\/little-steps.org\/index.php?rest_route=\/wp\/v2\/pages\/46\/revisions\/779"}],"wp:attachment":[{"href":"https:\/\/little-steps.org\/index.php?rest_route=%2Fwp%2Fv2%2Fmedia&parent=46"}],"curies":[{"name":"wp","href":"https:\/\/api.w.org\/{rel}","templated":true}]}}