{"id":17,"date":"2020-07-04T09:58:04","date_gmt":"2020-07-04T09:58:04","guid":{"rendered":"http:\/\/little-steps.org\/?page_id=17"},"modified":"2020-11-12T16:23:03","modified_gmt":"2020-11-12T16:23:03","slug":"was-wir-tun","status":"publish","type":"page","link":"https:\/\/little-steps.org\/?page_id=17","title":{"rendered":"Arbeits-Schwerpunkte"},"content":{"rendered":"\n<p><\/p>\n\n\n\n<p class=\"has-medium-font-size\"><strong>Workshops mit indischen Lehrerinnen der Slum-Schulen des YMCA Ranchi.<\/strong><\/p>\n\n\n\n<figure class=\"wp-block-image size-large\"><img loading=\"lazy\" decoding=\"async\" width=\"547\" height=\"367\" src=\"https:\/\/little-steps.org\/wp-content\/uploads\/2020\/11\/28ElZvPi2NojTK0mrfSd.jpg\" alt=\"\" class=\"wp-image-513\" srcset=\"https:\/\/little-steps.org\/wp-content\/uploads\/2020\/11\/28ElZvPi2NojTK0mrfSd.jpg 547w, https:\/\/little-steps.org\/wp-content\/uploads\/2020\/11\/28ElZvPi2NojTK0mrfSd-300x201.jpg 300w\" sizes=\"auto, (max-width: 547px) 100vw, 547px\" \/><\/figure>\n\n\n\n<p class=\"has-medium-font-size\"><\/p>\n\n\n\n<div class=\"wp-block-image\"><figure class=\"alignleft size-large is-resized\"><img loading=\"lazy\" decoding=\"async\" src=\"https:\/\/little-steps.org\/wp-content\/uploads\/2020\/07\/B3GbqbGl8ayiULaSeKze.jpg\" alt=\"\" class=\"wp-image-203\" width=\"198\" height=\"297\" srcset=\"https:\/\/little-steps.org\/wp-content\/uploads\/2020\/07\/B3GbqbGl8ayiULaSeKze.jpg 400w, https:\/\/little-steps.org\/wp-content\/uploads\/2020\/07\/B3GbqbGl8ayiULaSeKze-200x300.jpg 200w\" sizes=\"auto, (max-width: 198px) 100vw, 198px\" \/><\/figure><\/div>\n\n\n\n<p class=\"has-medium-font-size\"><strong>Schwerpunkte u.a.:<\/strong><br>Gewaltfreie kreative Erziehung und die Wichtigkeit eines hellen und freundlichen Lernumfeldes.<\/p>\n\n\n\n<p class=\"has-medium-font-size\"><strong>Finanzielle Unterst\u00fctzung<\/strong> <br>bei Renovierungsarbeiten in den Slum-Schulen und Hostels des YMCA Ranchi.<\/p>\n\n\n\n<figure class=\"wp-block-image size-large\"><img loading=\"lazy\" decoding=\"async\" width=\"1024\" height=\"683\" src=\"https:\/\/little-steps.org\/wp-content\/uploads\/2020\/07\/014-1024x683.jpg\" alt=\"\" class=\"wp-image-201\" srcset=\"https:\/\/little-steps.org\/wp-content\/uploads\/2020\/07\/014-1024x683.jpg 1024w, https:\/\/little-steps.org\/wp-content\/uploads\/2020\/07\/014-300x200.jpg 300w, https:\/\/little-steps.org\/wp-content\/uploads\/2020\/07\/014-768x512.jpg 768w, https:\/\/little-steps.org\/wp-content\/uploads\/2020\/07\/014-1536x1024.jpg 1536w, https:\/\/little-steps.org\/wp-content\/uploads\/2020\/07\/014-2048x1365.jpg 2048w\" sizes=\"auto, (max-width: 1024px) 100vw, 1024px\" \/><\/figure>\n\n\n\n<p class=\"has-medium-font-size\"><strong>P\u00e4dagogische Begleitung und finanzielle \u00dcbernahm<\/strong>e <br>von Stipendienpl\u00e4tzen in Charity Kinderg\u00e4rten. Finanzielle und p\u00e4dagogische Hilfe f\u00fcr die ausschlie\u00dflich sozial arbeitende indische NGO SARJOM bei Bildungsprojekten auf dem Lande.<\/p>\n","protected":false},"excerpt":{"rendered":"<p>Workshops mit indischen Lehrerinnen der Slum-Schulen des YMCA Ranchi. Schwerpunkte u.a.:Gewaltfreie kreative Erziehung und die Wichtigkeit eines hellen und freundlichen Lernumfeldes. Finanzielle Unterst\u00fctzung bei Renovierungsarbeiten in den Slum-Schulen und Hostels des YMCA Ranchi. P\u00e4dagogische Begleitung und finanzielle \u00dcbernahme von Stipendienpl\u00e4tzen in Charity Kinderg\u00e4rten. Finanzielle und p\u00e4dagogische Hilfe f\u00fcr die ausschlie\u00dflich sozial arbeitende indische NGO SARJOM &hellip; <a href=\"https:\/\/little-steps.org\/?page_id=17\" class=\"more-link\"><span class=\"screen-reader-text\">Arbeits-Schwerpunkte<\/span> weiterlesen <span class=\"meta-nav\">&rarr;<\/span><\/a><\/p>\n","protected":false},"author":1,"featured_media":0,"parent":0,"menu_order":0,"comment_status":"closed","ping_status":"closed","template":"","meta":{"footnotes":""},"class_list":["post-17","page","type-page","status-publish","hentry"],"_links":{"self":[{"href":"https:\/\/little-steps.org\/index.php?rest_route=\/wp\/v2\/pages\/17","targetHints":{"allow":["GET"]}}],"collection":[{"href":"https:\/\/little-steps.org\/index.php?rest_route=\/wp\/v2\/pages"}],"about":[{"href":"https:\/\/little-steps.org\/index.php?rest_route=\/wp\/v2\/types\/page"}],"author":[{"embeddable":true,"href":"https:\/\/little-steps.org\/index.php?rest_route=\/wp\/v2\/users\/1"}],"replies":[{"embeddable":true,"href":"https:\/\/little-steps.org\/index.php?rest_route=%2Fwp%2Fv2%2Fcomments&post=17"}],"version-history":[{"count":14,"href":"https:\/\/little-steps.org\/index.php?rest_route=\/wp\/v2\/pages\/17\/revisions"}],"predecessor-version":[{"id":514,"href":"https:\/\/little-steps.org\/index.php?rest_route=\/wp\/v2\/pages\/17\/revisions\/514"}],"wp:attachment":[{"href":"https:\/\/little-steps.org\/index.php?rest_route=%2Fwp%2Fv2%2Fmedia&parent=17"}],"curies":[{"name":"wp","href":"https:\/\/api.w.org\/{rel}","templated":true}]}}