{"id":106,"date":"2020-07-07T12:47:43","date_gmt":"2020-07-07T12:47:43","guid":{"rendered":"http:\/\/little-steps.org\/?page_id=106"},"modified":"2024-06-06T10:48:16","modified_gmt":"2024-06-06T10:48:16","slug":"beitrittserklaerung","status":"publish","type":"page","link":"https:\/\/little-steps.org\/?page_id=106","title":{"rendered":"Beitrittserkl\u00e4rung"},"content":{"rendered":"\n<p class=\"has-medium-font-size\">Wenn Sie unsere Arbeit unterst\u00fctzen wollen, k\u00f6nnen Sie sich <a href=\"https:\/\/little-steps.org\/wp-content\/uploads\/2024\/06\/Beitrittserklaerung.pdf\">hier <\/a>die Beitrittserkl\u00e4rung des F\u00f6rdervereins &#8222;Little Steps e.V.&#8220; herunterladen.<\/p>\n","protected":false},"excerpt":{"rendered":"<p>Wenn Sie unsere Arbeit unterst\u00fctzen wollen, k\u00f6nnen Sie sich hier die Beitrittserkl\u00e4rung des F\u00f6rdervereins &#8222;Little Steps e.V.&#8220; herunterladen.<\/p>\n","protected":false},"author":1,"featured_media":0,"parent":0,"menu_order":0,"comment_status":"closed","ping_status":"closed","template":"","meta":{"footnotes":""},"class_list":["post-106","page","type-page","status-publish","hentry"],"_links":{"self":[{"href":"https:\/\/little-steps.org\/index.php?rest_route=\/wp\/v2\/pages\/106","targetHints":{"allow":["GET"]}}],"collection":[{"href":"https:\/\/little-steps.org\/index.php?rest_route=\/wp\/v2\/pages"}],"about":[{"href":"https:\/\/little-steps.org\/index.php?rest_route=\/wp\/v2\/types\/page"}],"author":[{"embeddable":true,"href":"https:\/\/little-steps.org\/index.php?rest_route=\/wp\/v2\/users\/1"}],"replies":[{"embeddable":true,"href":"https:\/\/little-steps.org\/index.php?rest_route=%2Fwp%2Fv2%2Fcomments&post=106"}],"version-history":[{"count":5,"href":"https:\/\/little-steps.org\/index.php?rest_route=\/wp\/v2\/pages\/106\/revisions"}],"predecessor-version":[{"id":579,"href":"https:\/\/little-steps.org\/index.php?rest_route=\/wp\/v2\/pages\/106\/revisions\/579"}],"wp:attachment":[{"href":"https:\/\/little-steps.org\/index.php?rest_route=%2Fwp%2Fv2%2Fmedia&parent=106"}],"curies":[{"name":"wp","href":"https:\/\/api.w.org\/{rel}","templated":true}]}}