{"id":101,"date":"2020-07-07T12:39:46","date_gmt":"2020-07-07T12:39:46","guid":{"rendered":"http:\/\/little-steps.org\/?page_id=101"},"modified":"2020-07-07T13:12:14","modified_gmt":"2020-07-07T13:12:14","slug":"datenschutzbestimmungen","status":"publish","type":"page","link":"https:\/\/little-steps.org\/?page_id=101","title":{"rendered":"Datenschutzbestimmungen"},"content":{"rendered":"\n<p class=\"has-medium-font-size\"><strong>Datenschutzbestimmung der EU (DSGVO) <\/strong><br><strong>vom 25. Mai 2018<\/strong><\/p>\n\n\n\n<p class=\"has-medium-font-size\">Der F\u00f6rderverein Little Steps e.V. erhebt, speichert und nutzt personenbezogene Daten wie Namen, Anschriften, ggf. Telefonnummern und Mailadressen.<\/p>\n\n\n\n<p class=\"has-medium-font-size\">Der Verein darf personenbezogene Daten nur erheben, verarbeiten oder nutzen, wenn der Betroffene eingewilligt hat.<\/p>\n\n\n\n<p class=\"has-medium-font-size\">Es besteht das Recht, jederzeit einer Speicherung und Nutzung der personenbezogenen Daten zu widersprechen und die sofortige L\u00f6schung der Daten zu verlangen.<\/p>\n\n\n\n<p class=\"has-medium-font-size\">Der Verein verarbeitet personenbezogene Daten unter Beachtung des DSGVO.<\/p>\n\n\n\n<p class=\"has-medium-font-size\">Die personenbezogenen Daten sind beim Verein elektronisch gespeichert.<\/p>\n\n\n\n<p class=\"has-medium-font-size\">Eine Weitergabe der Daten an Dritte erfolgt nicht.<\/p>\n\n\n\n<p class=\"has-medium-font-size\">Die Daten werden vom Verein ausschlie\u00dflich f\u00fcr die Zustellung vereinsrelevanter Informationen genutzt ( z.B. Vergabe von F\u00f6rdermitteln, Berichte \u00fcber Einsatzorte in Indien, Mitgliederversammlungen, Protokolle, Spendenaktionen zu Gunsten des Vereins).<\/p>\n\n\n\n<p class=\"has-medium-font-size\"><a href=\"https:\/\/little-steps.org\/wp-content\/uploads\/2020\/07\/Datenschutzbestimmung.pdf\">Hier <\/a>k\u00f6nnen Sie sich die Datenschutzbestimmungen herunterladen.<\/p>\n","protected":false},"excerpt":{"rendered":"<p>Datenschutzbestimmung der EU (DSGVO) vom 25. Mai 2018 Der F\u00f6rderverein Little Steps e.V. erhebt, speichert und nutzt personenbezogene Daten wie Namen, Anschriften, ggf. Telefonnummern und Mailadressen. Der Verein darf personenbezogene Daten nur erheben, verarbeiten oder nutzen, wenn der Betroffene eingewilligt hat. Es besteht das Recht, jederzeit einer Speicherung und Nutzung der personenbezogenen Daten zu widersprechen &hellip; <a href=\"https:\/\/little-steps.org\/?page_id=101\" class=\"more-link\"><span class=\"screen-reader-text\">Datenschutzbestimmungen<\/span> weiterlesen <span class=\"meta-nav\">&rarr;<\/span><\/a><\/p>\n","protected":false},"author":1,"featured_media":0,"parent":0,"menu_order":0,"comment_status":"closed","ping_status":"closed","template":"","meta":{"footnotes":""},"class_list":["post-101","page","type-page","status-publish","hentry"],"_links":{"self":[{"href":"https:\/\/little-steps.org\/index.php?rest_route=\/wp\/v2\/pages\/101","targetHints":{"allow":["GET"]}}],"collection":[{"href":"https:\/\/little-steps.org\/index.php?rest_route=\/wp\/v2\/pages"}],"about":[{"href":"https:\/\/little-steps.org\/index.php?rest_route=\/wp\/v2\/types\/page"}],"author":[{"embeddable":true,"href":"https:\/\/little-steps.org\/index.php?rest_route=\/wp\/v2\/users\/1"}],"replies":[{"embeddable":true,"href":"https:\/\/little-steps.org\/index.php?rest_route=%2Fwp%2Fv2%2Fcomments&post=101"}],"version-history":[{"count":3,"href":"https:\/\/little-steps.org\/index.php?rest_route=\/wp\/v2\/pages\/101\/revisions"}],"predecessor-version":[{"id":118,"href":"https:\/\/little-steps.org\/index.php?rest_route=\/wp\/v2\/pages\/101\/revisions\/118"}],"wp:attachment":[{"href":"https:\/\/little-steps.org\/index.php?rest_route=%2Fwp%2Fv2%2Fmedia&parent=101"}],"curies":[{"name":"wp","href":"https:\/\/api.w.org\/{rel}","templated":true}]}}