{"id":10,"date":"2020-07-03T08:26:44","date_gmt":"2020-07-03T08:26:44","guid":{"rendered":"http:\/\/little-steps.org\/?page_id=10"},"modified":"2020-07-22T09:02:40","modified_gmt":"2020-07-22T09:02:40","slug":"wer-wir-sind","status":"publish","type":"page","link":"https:\/\/little-steps.org\/?page_id=10","title":{"rendered":"Wir \u00fcber uns"},"content":{"rendered":"\n<div class=\"wp-block-image\"><figure class=\"alignleft is-resized\"><img loading=\"lazy\" decoding=\"async\" src=\"http:\/\/little-steps.org\/wp-content\/uploads\/2020\/07\/Grafik-903x1024.jpg\" alt=\"\" class=\"wp-image-26\" width=\"268\" height=\"302\"\/><\/figure><\/div>\n\n\n\n<p class=\"has-medium-font-size\">Der F\u00f6rderverein Little Steps e.V. ist ein gemeinn\u00fctziger Verein mit deutschen und indischen Mitgliedern und Partnern. <br>Wir setzen uns daf\u00fcr ein, dass die Kinder der marginalisierten Ureinwohner Indiens (Adivasi) im Bundesstaat Jharkhand eine faire Chance f\u00fcr einen besseren Start ins Leben bekommen durch gute Erziehung und Bildung.<\/p>\n\n\n\n<div class=\"wp-block-image\"><figure class=\"alignright size-large\"><img loading=\"lazy\" decoding=\"async\" width=\"2560\" height=\"1920\" src=\"https:\/\/little-steps.org\/wp-content\/uploads\/2020\/07\/P1040052-scaled.jpg\" alt=\"\" class=\"wp-image-197\" srcset=\"https:\/\/little-steps.org\/wp-content\/uploads\/2020\/07\/P1040052-scaled.jpg 2560w, https:\/\/little-steps.org\/wp-content\/uploads\/2020\/07\/P1040052-300x225.jpg 300w, https:\/\/little-steps.org\/wp-content\/uploads\/2020\/07\/P1040052-1536x1152.jpg 1536w, https:\/\/little-steps.org\/wp-content\/uploads\/2020\/07\/P1040052-2048x1536.jpg 2048w\" sizes=\"auto, (max-width: 2560px) 100vw, 2560px\" \/><\/figure><\/div>\n\n\n\n<p class=\"has-medium-font-size\">Wir arbeiten alle ausschlie\u00dflich ehrenamtlich und garantieren, dass jede Spende zu 100% ihre Bestimmung erreicht.<\/p>\n","protected":false},"excerpt":{"rendered":"<p>Der F\u00f6rderverein Little Steps e.V. ist ein gemeinn\u00fctziger Verein mit deutschen und indischen Mitgliedern und Partnern. Wir setzen uns daf\u00fcr ein, dass die Kinder der marginalisierten Ureinwohner Indiens (Adivasi) im Bundesstaat Jharkhand eine faire Chance f\u00fcr einen besseren Start ins Leben bekommen durch gute Erziehung und Bildung. Wir arbeiten alle ausschlie\u00dflich ehrenamtlich und garantieren, dass &hellip; <a href=\"https:\/\/little-steps.org\/?page_id=10\" class=\"more-link\"><span class=\"screen-reader-text\">Wir \u00fcber uns<\/span> weiterlesen <span class=\"meta-nav\">&rarr;<\/span><\/a><\/p>\n","protected":false},"author":1,"featured_media":0,"parent":0,"menu_order":0,"comment_status":"closed","ping_status":"closed","template":"","meta":{"footnotes":""},"class_list":["post-10","page","type-page","status-publish","hentry"],"_links":{"self":[{"href":"https:\/\/little-steps.org\/index.php?rest_route=\/wp\/v2\/pages\/10","targetHints":{"allow":["GET"]}}],"collection":[{"href":"https:\/\/little-steps.org\/index.php?rest_route=\/wp\/v2\/pages"}],"about":[{"href":"https:\/\/little-steps.org\/index.php?rest_route=\/wp\/v2\/types\/page"}],"author":[{"embeddable":true,"href":"https:\/\/little-steps.org\/index.php?rest_route=\/wp\/v2\/users\/1"}],"replies":[{"embeddable":true,"href":"https:\/\/little-steps.org\/index.php?rest_route=%2Fwp%2Fv2%2Fcomments&post=10"}],"version-history":[{"count":12,"href":"https:\/\/little-steps.org\/index.php?rest_route=\/wp\/v2\/pages\/10\/revisions"}],"predecessor-version":[{"id":200,"href":"https:\/\/little-steps.org\/index.php?rest_route=\/wp\/v2\/pages\/10\/revisions\/200"}],"wp:attachment":[{"href":"https:\/\/little-steps.org\/index.php?rest_route=%2Fwp%2Fv2%2Fmedia&parent=10"}],"curies":[{"name":"wp","href":"https:\/\/api.w.org\/{rel}","templated":true}]}}